{"id":40,"date":"2020-09-08T09:58:47","date_gmt":"2020-09-08T09:58:47","guid":{"rendered":"http:\/\/deutsch2a.fsh-blogs.de\/?page_id=40"},"modified":"2020-09-08T09:58:47","modified_gmt":"2020-09-08T09:58:47","slug":"moduluebersicht","status":"publish","type":"page","link":"https:\/\/blog.fshcloud.de\/?page_id=40","title":{"rendered":"Modul\u00fcbersicht"},"content":{"rendered":"\n<h2>Modul 1: B\u00fccher vorstellen <\/h2>\n\n\n\n<figure class=\"wp-block-image size-large is-resized\"><img loading=\"lazy\" src=\"https:\/\/deutsch2a.fsh-blogs.de\/wp-content\/uploads\/2020\/09\/Plan-Modul-1-Herbstferien-1024x495.png\" alt=\"\" class=\"wp-image-41\" width=\"1450\" height=\"700\"\/><figcaption>Und jetzt f\u00fcr diejenigen, die meine Schrift nicht lesen k\u00f6nnen:<\/figcaption><\/figure>\n\n\n\n<figure class=\"wp-block-table is-style-regular\"><table class=\"has-subtle-pale-green-background-color has-background\"><tbody><tr><td>Termine <\/td><td>Was machen wir?<\/td><td>Warum machen wir das?<\/td><\/tr><tr><td>11.09.20<\/td><td>Schatzinsel Kap. 8 lesen<\/td><td>Textverst\u00e4ndnis! Wir umgehen mit Fremdw\u00f6rtern und l\u00e4ngeren S\u00e4tzen<\/td><\/tr><tr><td>18.09.20<\/td><td>Eine Inhaltsangabe schreiben I <br>&#8211; Text in Abschnitte gliedern <\/td><td>Grundlage: Textgliederung<\/td><\/tr><tr><td>25.09.20<\/td><td>Eine Inhaltsangabe schreiben II <br>&#8211; Zeitformen, Details und w\u00f6rtliche Rede<\/td><td>Grundlage: Wie baue ich einen sachlichen Text auf?<\/td><\/tr><tr><td>02.10.20<\/td><td>Ein Buch pr\u00e4sentieren<br>&#8211; Infos zum Buch, Handlung und Textstelle<\/td><td>Grundlage: Pr\u00e4sentation vor der Gruppe <br>Nachdenken \u00fcber Literatur<\/td><\/tr><tr><td>09.10.20<\/td><td>Inhaltsangabe \u00fcberarbeiten<br>Moderationskarten beschriften<\/td><td>Vorbereitung der Pr\u00e4sentation<\/td><\/tr><\/tbody><\/table><\/figure>\n","protected":false},"excerpt":{"rendered":"<p>Modul 1: B\u00fccher vorstellen Termine Was machen wir? Warum machen wir das? 11.09.20 Schatzinsel Kap. 8 lesen Textverst\u00e4ndnis! Wir umgehen mit Fremdw\u00f6rtern und l\u00e4ngeren S\u00e4tzen 18.09.20 Eine Inhaltsangabe schreiben I &#8211; Text in Abschnitte gliedern Grundlage: Textgliederung 25.09.20 Eine Inhaltsangabe schreiben II &#8211; Zeitformen, Details und w\u00f6rtliche Rede Grundlage: Wie baue ich einen sachlichen Text&hellip;<\/p>\n","protected":false},"author":1,"featured_media":0,"parent":0,"menu_order":0,"comment_status":"closed","ping_status":"closed","template":"","meta":[],"_links":{"self":[{"href":"https:\/\/blog.fshcloud.de\/index.php?rest_route=\/wp\/v2\/pages\/40"}],"collection":[{"href":"https:\/\/blog.fshcloud.de\/index.php?rest_route=\/wp\/v2\/pages"}],"about":[{"href":"https:\/\/blog.fshcloud.de\/index.php?rest_route=\/wp\/v2\/types\/page"}],"author":[{"embeddable":true,"href":"https:\/\/blog.fshcloud.de\/index.php?rest_route=\/wp\/v2\/users\/1"}],"replies":[{"embeddable":true,"href":"https:\/\/blog.fshcloud.de\/index.php?rest_route=%2Fwp%2Fv2%2Fcomments&post=40"}],"version-history":[{"count":0,"href":"https:\/\/blog.fshcloud.de\/index.php?rest_route=\/wp\/v2\/pages\/40\/revisions"}],"wp:attachment":[{"href":"https:\/\/blog.fshcloud.de\/index.php?rest_route=%2Fwp%2Fv2%2Fmedia&parent=40"}],"curies":[{"name":"wp","href":"https:\/\/api.w.org\/{rel}","templated":true}]}}